{"id":14,"date":"2025-11-11T16:03:22","date_gmt":"2025-11-11T16:03:22","guid":{"rendered":"https:\/\/praticaweb.uem.mz\/edicao5\/?page_id=14"},"modified":"2025-11-11T16:09:49","modified_gmt":"2025-11-11T16:09:49","slug":"entrada","status":"publish","type":"page","link":"https:\/\/praticaweb.uem.mz\/edicao5\/","title":{"rendered":"Entrada"},"content":{"rendered":"\r\n<p class=\"has-text-align-justify\" style=\"text-align: justify;\">Neste ambiente o estudante ter\u00e1 a oportunidade de explorar uma plataforma virtual para colocar em pr\u00e1tica os conceitos aprendidos durante as aulas, nomeadamente desenvolver a parte visual de um site desde o planeamento at\u00e9 a sua publica\u00e7\u00e3o na rede mundial, atrav\u00e9s da utiliza\u00e7\u00e3o de ferramentas adequadas, aliando conceitos est\u00e9ticos na cria\u00e7\u00e3o e produ\u00e7\u00e3o, visando integrar usabilidade e funcionalidade em seu planeamento.<\/p>\r\n<img loading=\"lazy\" decoding=\"async\" class=\"wp-image-157 size-full aligncenter\" src=\"https:\/\/praticaweb.uem.mz\/edicao3\/wp-content\/uploads\/sites\/2\/2023\/12\/pratica_web_home_full2.png\" alt=\"\" width=\"899\" height=\"376\" \/>","protected":false},"excerpt":{"rendered":"<p>Neste ambiente o estudante ter\u00e1 a oportunidade de explorar uma plataforma virtual para colocar em pr\u00e1tica os conceitos aprendidos durante<\/p>\n","protected":false},"author":1,"featured_media":0,"parent":0,"menu_order":0,"comment_status":"closed","ping_status":"closed","template":"","meta":{"footnotes":""},"class_list":["post-14","page","type-page","status-publish","hentry"],"_links":{"self":[{"href":"https:\/\/praticaweb.uem.mz\/edicao5\/wp-json\/wp\/v2\/pages\/14","targetHints":{"allow":["GET"]}}],"collection":[{"href":"https:\/\/praticaweb.uem.mz\/edicao5\/wp-json\/wp\/v2\/pages"}],"about":[{"href":"https:\/\/praticaweb.uem.mz\/edicao5\/wp-json\/wp\/v2\/types\/page"}],"author":[{"embeddable":true,"href":"https:\/\/praticaweb.uem.mz\/edicao5\/wp-json\/wp\/v2\/users\/1"}],"replies":[{"embeddable":true,"href":"https:\/\/praticaweb.uem.mz\/edicao5\/wp-json\/wp\/v2\/comments?post=14"}],"version-history":[{"count":2,"href":"https:\/\/praticaweb.uem.mz\/edicao5\/wp-json\/wp\/v2\/pages\/14\/revisions"}],"predecessor-version":[{"id":17,"href":"https:\/\/praticaweb.uem.mz\/edicao5\/wp-json\/wp\/v2\/pages\/14\/revisions\/17"}],"wp:attachment":[{"href":"https:\/\/praticaweb.uem.mz\/edicao5\/wp-json\/wp\/v2\/media?parent=14"}],"curies":[{"name":"wp","href":"https:\/\/api.w.org\/{rel}","templated":true}]}}